{"id":45,"date":"2018-11-11T19:12:36","date_gmt":"2018-11-11T18:12:36","guid":{"rendered":"http:\/\/dolomitirobotics.it\/?page_id=45"},"modified":"2020-05-05T21:01:37","modified_gmt":"2020-05-05T19:01:37","slug":"mission","status":"publish","type":"page","link":"https:\/\/dolomitirobotics.it\/index.php\/mission\/","title":{"rendered":"Mission"},"content":{"rendered":"<p style=\"text-align: justify;\"><span style=\"font-weight: 400;\">Nowadays an increasing number of areas, including the industry 4.0, medical,&nbsp; automotive and logistic sectors, are exploiting <\/span><span style=\"font-weight: 400;\">the use of robotics to revolutionize traditional processes to maximise the efficiency and the affidability in the achievement of their tasks. The field of the mobile robots is in full evolution thanks to the introduction of novel technologies related to artificial intelligence which can be deeply exploited to define a new category of vehicles called Intelligent Guided Vehicles (IGV). The implementation of such solutions on forklifts enable the possibility to move materials in not-structured environments providing also the possibility to the user to be assisted during the most disparate operations.<\/span><\/p>\n\n\n<div class=\"is-layout-flex wp-container-4 wp-block-columns\">\n<div class=\"is-layout-flow wp-block-column\">\n<h2 class=\"has-text-align-center\">A service for humans<\/h2>\n\n\n\n<p class=\"has-text-align-center\" style=\"text-align: justify; font-size: 13px;\">Dolomiti Robotics aims to make robotics as a service to humans, focusing on the development of technologies that provide the robot the possibility to recognize the surrounding environment, distinguish between fixed, moving obstacles, persons and walls.<\/p>\n<\/div>\n\n\n\n<div class=\"is-layout-flow wp-block-column\">\n<h2 class=\"has-text-align-center\">Mobile collaborative robotics<\/h2>\n\n\n\n<p class=\"has-text-align-center\" style=\"text-align: justify; font-size: 13px;\">Dolomiti Robotics studies and develops advanced solutions that allows mobile robotics to become <strong>collaborative<\/strong> and to <strong>put humans at the center<\/strong>. The robot and its user collaborate in harmony and synergy to achieve a common goal, a fundamental element at the basis of the concept of industry 5.0.<\/p>\n<\/div>\n\n\n\n<div class=\"is-layout-flow wp-block-column\">\n<h2 class=\"has-text-align-center\">Smart navigation<\/h2>\n\n\n\n<p style=\"text-align: justify; font-size: 13px;\">Dolomiti Robotics designs <strong>sophisticated algorithms<\/strong> for the movement of vehicles based on innovative <strong>real-time planning techniques<\/strong> that allow the robot, on the basis of environmental assessments, to <strong>autonomously navigate<\/strong> in complex environments even in presence of unexpected obstacles and physical impediments perceiving the safety of the humans, which has always the maximum priority.<\/p>\n<\/div>\n<\/div>\n\n\n\n<p style=\"text-align: justify;\">The integration of these intelligent robots, able to work side by side with humans, represents an important opportunity for the technological transformation of companies towards Industry 4.0 and is able to meet the needs of both large companies and SMEs.<\/p>\n\n\n\n<hr class=\"wp-block-separator\"\/>\n\n\n\n<p style=\"text-align: justify;\">La robotica mobile offre strumenti con enormi potenzialit\u00e0, ma la loro adozione in contesti dinamici e variegati \u00e8 scarsa. I limiti delle soluzioni sono l\u2019elevato costo di adozione, il tempo e le competenze necessarie per l\u2019implementazione oltre alla scarsa flessibilit\u00e0 dimostrata nelle applicazioni.Nel contesto della manifattura e della logistica i nuovi modelli di produzione e i processi sempre pi\u00f9 automatizzati ed interconnessi, che hanno reso possibile la personalizzazione nella produzione di massa, richiedono grande dinamicit\u00e0 ai loro attori siano essi dispositivi o esseri umani. Sempre pi\u00f9 attivit\u00e0 alienanti o rischiose vengono oggi svolte da sistemi robotici con diversi livelli di autonomia decisionale, consentendo agli operatori di occuparsi di mansioni ad alto valore aggiunto. L\u2019interazione tra persone e dispositivi \u00e8 oggi un aspetto cruciale ed una delle maggiori sfide affinch\u00e9 questi siano un effettivo supporto collaborativo.&nbsp;&nbsp;<\/p>\n\n\n\n<p style=\"text-align: justify;\">La robotica mobile offre strumenti con enormi potenzialit\u00e0, ma la loro adozione in contesti dinamici e variegati \u00e8 scarsa. I limiti delle soluzioni sono l\u2019elevato costo di adozione, il tempo e le competenze necessarie per l\u2019implementazione oltre alla scarsa flessibilit\u00e0 dimostrata nelle applicazioni.<\/p>\n\n\n\n<p style=\"text-align: justify;\">L\u2019integrazione di questi robot intelligenti, in grado di lavorare fianco a fianco con l\u2019uomo, rappresenta un\u2019opportunit\u00e0 importante per la <strong>trasformazione tecnologica delle imprese verso l\u2019Industria 4.0 <\/strong>ed \u00e8 in grado di rispondere alle esigenze sia delle grandi aziende che delle PMI.<\/p>\n\n\n\n<p style=\"text-align: justify;\">La startup lavora a una piattaforma che <strong>consente di rendere autonomi i veicoli mobili e di supportare l\u2019attivit\u00e0 umana sollevandola da incarichi gravosi e ripetitivi a scarso valore aggiunto<\/strong>. Le tecnologie ideate rendono i <strong>robot capaci di riconoscere e interpretare l\u2019ambiente che li circonda<\/strong>, consentendo la loro navigazione autonoma in sicurezza anche in presenza di ostacoli imprevisti come oggetti e persone in movimento. Gli algoritmi che ne regolano il funzionamento sono progettati per l\u2019interazione avanzata con l\u2019essere umano e consentono di predirne il comportamento. <strong>L\u2019obiettivo principale \u00e8 la massimizzazione della disposizione ergonomica dell\u2019ambiente di lavoro e l\u2019incremento della sicurezza negli ambienti promiscui dove veicoli tradizionali, automatici ed operatori umani coesistono<\/strong>.<\/p>\n\n\n\n<p style=\"text-align: justify;\">L&#8217;idea del robot che toglie e che sostituisce l&#8217;uomo nel mondo del lavoro non \u00e8 nei principi di Dolomiti Robotics. L&#8217;innovazione tecnologica consente alla robotica di diventare <strong>collaborativa<\/strong> e di mettere proprio <strong>l&#8217;uomo al centro<\/strong>. Il robot ed il suo utilizzatore collaborano in <strong>sintonia<\/strong> e in <strong>sinergia<\/strong> per il raggiungimento di un obiettivo comune. Il robot andr\u00e0 a <strong>migliorare<\/strong> la <strong>sicurezza<\/strong> e l&#8217;<strong>ergonomia<\/strong> del <strong>lavoratore<\/strong>, supportandolo nei lavori ripetitivi e gravosi o pericolosi. In sintesi, Dolomiti Robotics si prefigge l&#8217;obbiettivo di fare<strong> robotica a servizio dell&#8217;uomo<\/strong> e di renderla utilizzabile da chiunque in modo da non essere divisiva. Non esiste robotica collaborativa senza l&#8217;uomo.<\/p>\n","protected":false},"excerpt":{"rendered":"<p>Nowadays an increasing number of areas, including the industry 4.0, medical,&nbsp; automotive and logistic sectors, are exploiting the use of robotics to revolutionize traditional processes to maximise the efficiency and the affidability in the achievement of their tasks. The field of the mobile robots is in full evolution thanks to the introduction of novel technologies&hellip; <br \/> <a class=\"read-more\" href=\"https:\/\/dolomitirobotics.it\/index.php\/mission\/\">Leggi tutto<\/a><\/p>\n","protected":false},"author":1,"featured_media":0,"parent":0,"menu_order":0,"comment_status":"closed","ping_status":"closed","template":"","meta":[],"_links":{"self":[{"href":"https:\/\/dolomitirobotics.it\/index.php\/wp-json\/wp\/v2\/pages\/45"}],"collection":[{"href":"https:\/\/dolomitirobotics.it\/index.php\/wp-json\/wp\/v2\/pages"}],"about":[{"href":"https:\/\/dolomitirobotics.it\/index.php\/wp-json\/wp\/v2\/types\/page"}],"author":[{"embeddable":true,"href":"https:\/\/dolomitirobotics.it\/index.php\/wp-json\/wp\/v2\/users\/1"}],"replies":[{"embeddable":true,"href":"https:\/\/dolomitirobotics.it\/index.php\/wp-json\/wp\/v2\/comments?post=45"}],"version-history":[{"count":22,"href":"https:\/\/dolomitirobotics.it\/index.php\/wp-json\/wp\/v2\/pages\/45\/revisions"}],"predecessor-version":[{"id":606,"href":"https:\/\/dolomitirobotics.it\/index.php\/wp-json\/wp\/v2\/pages\/45\/revisions\/606"}],"wp:attachment":[{"href":"https:\/\/dolomitirobotics.it\/index.php\/wp-json\/wp\/v2\/media?parent=45"}],"curies":[{"name":"wp","href":"https:\/\/api.w.org\/{rel}","templated":true}]}}